{"id":219,"date":"2022-08-23T11:22:39","date_gmt":"2022-08-23T10:22:39","guid":{"rendered":"https:\/\/new.englishquestcamp.com\/en\/?page_id=219"},"modified":"2022-12-04T08:46:44","modified_gmt":"2022-12-04T08:46:44","slug":"general-data-protection-statement","status":"publish","type":"page","link":"https:\/\/campiinternazionali.it\/es\/general-data-protection-statement\/","title":{"rendered":"DECLARACI\u00d3N GENERAL DE PROTECCI\u00d3N DE DATOS"},"content":{"rendered":"\n<p>Todos los programas de English Quest Camps cumplir\u00e1n totalmente con el nuevo Reglamento GDPR desde el 25 de mayo de 2018 en adelante. Para ayudarte con cualquier solicitud de informaci\u00f3n, por favor encuentra a continuaci\u00f3n las respuestas a algunas preguntas frecuentes.<\/p>\n\n\n\n<p><strong>\u00bfQu\u00e9 informaci\u00f3n recopilamos?<\/strong><\/p>\n\n\n\n<p>Solamente recopilaremos la informaci\u00f3n que sea necesaria para procesar tu reserva. Esto puede incluir nombres seg\u00fan el pasaporte, otra informaci\u00f3n del pasaporte, informaci\u00f3n diet\u00e9tica, informaci\u00f3n m\u00e9dica y cualquier otra informaci\u00f3n que sea necesaria para procesar tu reserva.<\/p>\n\n\n\n<p><strong>Uso de <\/strong><strong>t<\/strong><strong>u informaci\u00f3n<\/strong><\/p>\n\n\n\n<p>Procesaremos tu informaci\u00f3n de acuerdo con las regulaciones de GDPR y solamente transmitiremos informaci\u00f3n a proveedores u otras organizaciones cuando sea necesario para procesar tu reserva.<\/p>\n\n\n\n<p><strong>Tus derechos<\/strong><\/p>\n\n\n\n<p>Tienes derecho a una copia de la informaci\u00f3n que tenemos sobre ti y a corregir cualquier inexactitud. Tambi\u00e9n tienes derecho a solicitarnos que te eliminemos de nuestra base de datos o elegir qu\u00e9 informaci\u00f3n (si corresponde) se nos env\u00eda. Esto puede, por supuesto, afectar nuestra capacidad para procesar tu reserva.<\/p>\n\n\n\n<p><strong>\u00bf<\/strong><strong>Durante c<\/strong><strong>u\u00e1nto tiempo almacenamos la informaci\u00f3n que nos env\u00edas?<\/strong><\/p>\n\n\n\n<p>Tus datos se conservar\u00e1n durante la duraci\u00f3n de tu reserva y hasta 1 a\u00f1o despu\u00e9s de la finalizaci\u00f3n de tu programa en English Quest Camps, que es la fecha l\u00edmite para procesar cualquier reclamo de seguro.<\/p>\n\n\n\n<p><strong>\u00bfD\u00f3nde se almacena?<\/strong><\/p>\n\n\n\n<p>Tu informaci\u00f3n se almacena en nuestro propio servidor seguro.<\/p>\n\n\n\n<p><strong>\u00bfA qui\u00e9n le pasamos la informaci\u00f3n y qu\u00e9 informaci\u00f3n se transmite?<\/strong><\/p>\n\n\n\n<p>Solamente pasamos informaci\u00f3n a proveedores para los que es necesario tener esa informaci\u00f3n para procesar tu reserva. Por ejemplo, pasaremos los requisitos diet\u00e9ticos a la administraci\u00f3n de nuestra residencia o al comedor de nuestra escuela (podemos pasar informaci\u00f3n diet\u00e9tica de forma an\u00f3nima a los hoteles si es necesario). Nuestros proveedores est\u00e1n obligados por contrato a eliminar cualquier informaci\u00f3n que hayamos proporcionado una vez que se complete el programa.<\/p>\n\n\n\n<p><strong>\u00bf<\/strong><strong>Est\u00e1n los datos encriptados<\/strong><strong>?<\/strong><\/p>\n\n\n\n<p>Siempre que sea posible, nos aseguraremos de que todos los datos personales se transporten a trav\u00e9s de un medio seguro.<\/p>\n","protected":false},"excerpt":{"rendered":"<p>Todos los programas de English Quest Camps cumplir\u00e1n totalmente con el nuevo Reglamento GDPR desde el 25 de mayo de 2018 en adelante. Para ayudarte con cualquier solicitud de informaci\u00f3n, por favor encuentra a continuaci\u00f3n las respuestas a algunas preguntas [&hellip;]<\/p>\n","protected":false},"author":1,"featured_media":0,"parent":0,"menu_order":0,"comment_status":"closed","ping_status":"closed","template":"","meta":{"footnotes":""},"class_list":["post-219","page","type-page","status-publish","hentry"],"_links":{"self":[{"href":"https:\/\/campiinternazionali.it\/es\/wp-json\/wp\/v2\/pages\/219","targetHints":{"allow":["GET"]}}],"collection":[{"href":"https:\/\/campiinternazionali.it\/es\/wp-json\/wp\/v2\/pages"}],"about":[{"href":"https:\/\/campiinternazionali.it\/es\/wp-json\/wp\/v2\/types\/page"}],"author":[{"embeddable":true,"href":"https:\/\/campiinternazionali.it\/es\/wp-json\/wp\/v2\/users\/1"}],"replies":[{"embeddable":true,"href":"https:\/\/campiinternazionali.it\/es\/wp-json\/wp\/v2\/comments?post=219"}],"version-history":[{"count":8,"href":"https:\/\/campiinternazionali.it\/es\/wp-json\/wp\/v2\/pages\/219\/revisions"}],"predecessor-version":[{"id":752,"href":"https:\/\/campiinternazionali.it\/es\/wp-json\/wp\/v2\/pages\/219\/revisions\/752"}],"wp:attachment":[{"href":"https:\/\/campiinternazionali.it\/es\/wp-json\/wp\/v2\/media?parent=219"}],"curies":[{"name":"wp","href":"https:\/\/api.w.org\/{rel}","templated":true}]}}