{"id":209,"date":"2022-08-23T10:18:50","date_gmt":"2022-08-23T09:18:50","guid":{"rendered":"https:\/\/new.englishquestcamp.com\/en\/?page_id=209"},"modified":"2022-12-04T08:19:27","modified_gmt":"2022-12-04T08:19:27","slug":"faq","status":"publish","type":"page","link":"https:\/\/campiinternazionali.it\/es\/faq\/","title":{"rendered":"Preguntas frecuentes"},"content":{"rendered":"<p>[vc_row][vc_column][vc_column_text]<\/p>\n<h4><strong>\u00bfEn qu\u00e9 nivel estoy?<\/strong><\/h4>\n<p>Tras reservar tu curso, se te realizar\u00e1 una prueba de nivel el primer d\u00eda en la escuela. Esta definir\u00e1 el nivel y la clase m\u00e1s adecuados para tu curso de idiomas.[\/vc_column_text][vc_column_text]<\/p>\n<h4><strong>\u00bfC\u00f3mo es la primera vez en un campamento?<\/strong><\/h4>\n<p>A lo largo de los a\u00f1os, hemos aprendido que la mejor manera de que los ni\u00f1os hagan una transici\u00f3n sin problemas a la vida fuera de casa es estar ocupados desde la ma\u00f1ana hasta la noche, inmersos en un programa din\u00e1mico y divertido. Algunos ni\u00f1os se adaptan de inmediato, otros se toman un poco m\u00e1s de tiempo, pero nuestro equipo tiene experiencia en alentar a los ni\u00f1os a unirse y hacer amigos, lo que consigue que la primera experiencia en un campamento sea una aventura llena de diversi\u00f3n.[\/vc_column_text][vc_column_text]<\/p>\n<h4><strong>\u00bfC\u00f3mo puede un padre contactar con su hijo?<\/strong><\/h4>\n<p>Recomendamos darles a los ni\u00f1os un par de d\u00edas para que se adapten antes de que contacten con ellos, a no ser que sea una emergencia; en ese caso, los podr\u00edamos en contacto con el ni\u00f1o a cualquier hora del d\u00eda.[\/vc_column_text][vc_column_text]<\/p>\n<h4><strong>\u00bfQu\u00e9 debo llevarme a un campamento?<\/strong><\/h4>\n<p>Os enviaremos una lista con las cosas necesarias una vez se realice la reserva. Recomendamos dejar los iPods, tel\u00e9fonos, reproductores de mp3, ordenadores, etc. en casa ya que no podemos hacernos responsables de ellos y su p\u00e9rdida o robo no la cubre el seguro. Los ni\u00f1os deben traer su propia ropa de abrigo, de deporte, calzado y ropa informal, incluyendo pantalones y camisetas. Nosotros proporcionamos todo el equipamiento de seguridad necesario para nuestras actividades. Por favor comprueba la lista de cosas necesarias <strong><u><a href=\"https:\/\/englishquestcamp.com\/wp-content\/uploads\/2022\/08\/what_to_bring_to_camp_list.pdf\">aqui<\/a>.<\/u><\/strong>[\/vc_column_text][vc_column_text]<\/p>\n<h4><strong>\u00bfPueden llevar los ni\u00f1os su propio tel\u00e9fono al campamento?<\/strong><\/h4>\n<p>Pueden llevarlo, pero en caso de p\u00e9rdida, da\u00f1o o robo no est\u00e1 cubierto, por lo que recomendamos mejor no traerlo. No nos podemos hacer responsables de los tel\u00e9fonos y no se pueden usar durante el desarrollo de actividades, comidas o cuando los ni\u00f1os van a dormir por las noches[\/vc_column_text][vc_column_text]<\/p>\n<h4><strong>\u00bfC\u00f3mo de seguro es el equipo?<\/strong><\/h4>\n<p>Todo el equipo especializado (de acuerdo a los est\u00e1ndares europeos) es suministrado por nuestros compa\u00f1eros de actividades al aire libre, as\u00ed como los equipos de ayuda a la flotaci\u00f3n y chalecos salvavidas, que se deben llevar puestos en todos los deportes acu\u00e1ticos. En el campamento de English Quest estamos continuamente actualizando nuestros equipos de seguridad para proporcionar mejoras en las pr\u00e1cticas actuales.[\/vc_column_text][vc_column_text]<\/p>\n<h4><strong>\u00bfHay reglas?<\/strong><\/h4>\n<p>A las personas que participan en cualquier campamento se les informa de las reglas a la llegada y se les recuerdan si es necesario durante su estancia.[\/vc_column_text][vc_column_text]<\/p>\n<h4><strong>\u00bfC\u00f3mo es la comida?<\/strong><\/h4>\n<p>Nuestros estudiantes est\u00e1n normalmente impresionados por la calidad de la comida. Consideramos que es muy importante que nuestros estudiantes coman bien. Intentamos proporcionarles, lo m\u00e1ximo posible, comida de calidad porque sabemos lo hambrientos que pueden estar un grupo de adolescentes durante un d\u00eda intenso.[\/vc_column_text][vc_column_text]<\/p>\n<h4><strong>\u00bfQu\u00e9 hago cada d\u00eda?<\/strong><\/h4>\n<p>Adem\u00e1s de las obligaciones relacionadas con el curso de idiomas, durante las dos semanas de estancias, les organizamos un mont\u00f3n de actividades deportivas y l\u00fadicas que los mantienen ocupados desde por la ma\u00f1ana hasta la noche. Adem\u00e1s, disfrutan de la escalada a lo m\u00e1s alto de una monta\u00f1a con espectaculares vistas.\u00a0 Se les animar\u00e1 a tomar desaf\u00edos, pero sin llevarlos m\u00e1s all\u00e1 de sus l\u00edmites.[\/vc_column_text][vc_column_text]<\/p>\n<h4><strong>\u00bfQu\u00e9 recibir\u00e9 al final del curso?<\/strong><\/h4>\n<p>Al final del curso recibir\u00e1s un certificado de idiomas de English Quest que certifica el tipo de curso que has seguido y el nivel que has adquirido.[\/vc_column_text][vc_column_text]<\/p>\n<h4><strong>\u00bfD\u00f3nde me quedar\u00e9?<\/strong><\/h4>\n<p>Ofrecemos alojamiento en residencias hoteleras completamente renovadas y residencias universitarias de nueva construcci\u00f3n. Para saber m\u00e1s sobre el alojamiento, por favor comprueba la descripci\u00f3n de las residencias de cada destino en nuestra p\u00e1gina web. Adem\u00e1s, cuando organizamos acampadas con una noche al aire libre usamos tiendas de campa\u00f1a c\u00f3modas para darles a los ni\u00f1os una sensaci\u00f3n de libertad en la naturaleza.[\/vc_column_text][vc_column_text]<\/p>\n<h4><strong>\u00bfQu\u00e9 se puede hacer por las tardes \/ fines de semana?<\/strong><\/h4>\n<p>Organizamos una variedad de actividades de ocio cada d\u00eda de la semana con tours culturales y visitas hist\u00f3ricas, as\u00ed como deportes y todo tipo de actividades al aire libre. Adem\u00e1s, ofrecemos eventos sociales como barbacoas, cruceros en yate, bailes, cazas del tesoro y mucho m\u00e1s. Seguir\u00e1s aprendiendo ingl\u00e9s fuera de la clase mientras te diviertes y socializas con nuevos amigos.[\/vc_column_text][vc_column_text]<\/p>\n<h4><strong>\u00bfCu\u00e1l es el m\u00e9todo de pago?<\/strong><\/h4>\n<p>Todos los pagos se pueden realizar mediante transferencia bancaria a nuestro n\u00famero de cuenta, tal y como se indica en la factura proforma, o se puede pagar electr\u00f3nicamente en nuestra p\u00e1gina web usando visa o mastercard.[\/vc_column_text][vc_column_text]<\/p>\n<h4><strong>\u00bfNecesito visa?<\/strong><\/h4>\n<p>Todos los detalles sobre los requisitos para solicitar visas y la informaci\u00f3n m\u00e1s reciente se pueden encontrar en la p\u00e1gina web del Ministerio de Asuntos Exteriores de Chipre.<\/p>\n<p>Lista de las embajadas y consulados extranjeros en Chipre<\/p>\n<p><a href=\"http:\/\/www.mfa.gov.cy\/mfa\/mfa2006.nsf\/protocol04_en\/protocol04_en?OpenDocument\">http:\/\/www.mfa.gov.cy\/mfa\/mfa2006.nsf\/protocol04_en\/protocol04_en?OpenDocument<\/a><\/p>\n<p><a href=\"http:\/\/www.mfa.gov.cy\/mfa\/mfa2006.nsf\/protocol06_en\/protocol06_en?OpenDocument\">http:\/\/www.mfa.gov.cy\/mfa\/mfa2006.nsf\/protocol06_en\/protocol06_en?OpenDocument<\/a><\/p>\n<p>Para m\u00e1s informaci\u00f3n sobre las nacionalidades que necesitan una visa en Chipre: <a href=\"http:\/\/www.mfa.gov.cy\/mfa\/mfa2006.nsf\/All\/BCD9E71A8FBBA8DCC225720B001D9AFE?OpenDocument\">http:\/\/www.mfa.gov.cy\/mfa\/mfa2006.nsf\/All\/BCD9E71A8FBBA8DCC225720B001D9AFE?OpenDocument<\/a><\/p>\n<p>Formulario de solicitud de visa:<\/p>\n<p><a href=\"http:\/\/www.mfa.gov.cy\/mfa\/mfa2006.nsf\/All\/79D56AAFACC31F32C225720C0022656B\/$file\/Application%20for%20Visa.pdf?OpenElement\">http:\/\/www.mfa.gov.cy\/mfa\/mfa2006.nsf\/All\/79D56AAFACC31F32C225720C0022656B\/$file\/Application%20for%20Visa.pdf?OpenElement<\/a>[\/vc_column_text][vc_column_text]<\/p>\n<h4><strong>\u00bfC\u00f3mo llego desde el aeropuerto hasta la residencia?<\/strong><\/h4>\n<p>Nuestros representantes te esperar\u00e1n a tu llegada al aeropuerto y te llevar\u00e1n hasta tu alojamiento. Al final de tu estancia, de la misma forma, te llevar\u00e1n desde tu alojamiento al aeropuerto.<\/p>\n<p>Para el registro de un acompa\u00f1ante de la aerol\u00ednea, bajo petici\u00f3n, te proporcionaremos todos los detalles del encuentro y la persona acompa\u00f1ante. Por favor ten en cuenta que este servicio tiene un coste adicional, como se indica en la secci\u00f3n de pagos.<\/p>\n<p>Aquellos padres que acompa\u00f1en a su hijo al alojamiento deben llevarlo a la siguiente direcci\u00f3n:<\/p>\n<p><strong>CYPRUS<\/strong><\/p>\n<p>Hotel THE RISE<\/p>\n<p>1, KIMONOS Street, Larnaca, CYPRUS<\/p>\n<p>Hotel Frangiorgio<\/p>\n<p>9, Grigori Afxentiou Street, Larnaca, Cyprus<\/p>\n<p><strong>ESPANA<\/strong><\/p>\n<p>RESA MEDITERANI RESIDENCES<\/p>\n<p>Rambla del President Llu\u00eds Companys, 5. 43005, TARRAGONA, SPAIN<\/p>\n<p><strong>PORTUGAL<\/strong><\/p>\n<p>HALLS OF RESIDENCE UPorto &#8211; P\u00d3LO III<\/p>\n<p>Novais Barbosa<\/p>\n<p>Rua da Pena, s\/n\u00a0 &#8211;\u00a0 4150-609 Porto[\/vc_column_text][vc_column_text]<\/p>\n<h4><strong>\u00bfQu\u00e9 tipo de cualificaci\u00f3n profesional tienen mi profesor e instructores de actividades?<\/strong><\/h4>\n<p>Nuestro personal docente y de actividades tienen grados universitarios con experiencia en ense\u00f1anza de m\u00e1s de 10 a\u00f1os. Nuestros profesores est\u00e1n altamente cualificados y especializados en la ense\u00f1anza de la lengua que instruyen. Adem\u00e1s, se mantienen al tanto de las novedades en la metodolog\u00eda de ense\u00f1anza y las necesidades de los alumnos participando en seminarios organizados por organismos externos, as\u00ed como formaci\u00f3n regular por parte de la empresa.<\/p>\n<p>Nuestros instructores de actividades y supervisores son graduados universitarios y tiene m\u00e1s de 5 a\u00f1os de experiencia trabajando con ni\u00f1os.<\/p>\n<p>En el apartado de preguntas\/respuestas anteriores intentamos resolver las dudas m\u00e1s comunes de los estudiantes y sus padres para clarificar cualquier cuesti\u00f3n antes de reservar un programa. Si tienes cualquier otro tipo de preguntas por favor no dudes en contactarnos <strong><u><a href=\"mailto:info@englishquestcamp.com\">aqui<\/a>.<\/u><\/strong>[\/vc_column_text][\/vc_column][\/vc_row][vc_row][vc_column][vc_btn title=\u00bbRESERVAR AHORA\u00bb style=\u00bbclassic\u00bb shape=\u00bbsquare\u00bb color=\u00bbprimary\u00bb size=\u00bblg\u00bb align=\u00bbcenter\u00bb link=\u00bburl:%2Fen%2Fcamps-booking%2F|title:Camps%20booking\u00bb][\/vc_column][\/vc_row]<\/p>\n","protected":false},"excerpt":{"rendered":"<p>[vc_row][vc_column][vc_column_text] \u00bfEn qu\u00e9 nivel estoy? Tras reservar tu curso, se te realizar\u00e1 una prueba de nivel el primer d\u00eda en la escuela. Esta definir\u00e1 el nivel y la clase m\u00e1s adecuados para tu curso de idiomas.[\/vc_column_text][vc_column_text] \u00bfC\u00f3mo es la primera [&hellip;]<\/p>\n","protected":false},"author":1,"featured_media":0,"parent":0,"menu_order":0,"comment_status":"closed","ping_status":"closed","template":"","meta":{"footnotes":""},"class_list":["post-209","page","type-page","status-publish","hentry"],"_links":{"self":[{"href":"https:\/\/campiinternazionali.it\/es\/wp-json\/wp\/v2\/pages\/209","targetHints":{"allow":["GET"]}}],"collection":[{"href":"https:\/\/campiinternazionali.it\/es\/wp-json\/wp\/v2\/pages"}],"about":[{"href":"https:\/\/campiinternazionali.it\/es\/wp-json\/wp\/v2\/types\/page"}],"author":[{"embeddable":true,"href":"https:\/\/campiinternazionali.it\/es\/wp-json\/wp\/v2\/users\/1"}],"replies":[{"embeddable":true,"href":"https:\/\/campiinternazionali.it\/es\/wp-json\/wp\/v2\/comments?post=209"}],"version-history":[{"count":12,"href":"https:\/\/campiinternazionali.it\/es\/wp-json\/wp\/v2\/pages\/209\/revisions"}],"predecessor-version":[{"id":748,"href":"https:\/\/campiinternazionali.it\/es\/wp-json\/wp\/v2\/pages\/209\/revisions\/748"}],"wp:attachment":[{"href":"https:\/\/campiinternazionali.it\/es\/wp-json\/wp\/v2\/media?parent=209"}],"curies":[{"name":"wp","href":"https:\/\/api.w.org\/{rel}","templated":true}]}}