{"id":204,"date":"2022-08-23T09:51:40","date_gmt":"2022-08-23T08:51:40","guid":{"rendered":"https:\/\/new.englishquestcamp.com\/en\/?page_id=204"},"modified":"2022-12-04T08:43:52","modified_gmt":"2022-12-04T08:43:52","slug":"terms-and","status":"publish","type":"page","link":"https:\/\/campiinternazionali.it\/es\/terms-and\/","title":{"rendered":"T\u00e9rminos y condiciones"},"content":{"rendered":"<p>[vc_row][vc_column][vc_column_text]<\/p>\r\n<h2 class=\"wp-block-heading\">Condiciones generales<\/h2>\r\n<p>\u00a0<\/p>\r\n\r\n<ol class=\"wp-block-list\" type=\"1\">\r\n<li>Completa y env\u00eda el formulario online. Gestiona el pago de un dep\u00f3sito m\u00ednimo de 300 euros &#038; tasas de registro de ni\u00f1o por sesi\u00f3n. Por favor ten en cuenta que la reserva no se confirmar\u00e1 hasta haber recibido el dep\u00f3sito.<\/li>\r\n<li>Confirmaremos tu reserva y enviaremos la factura para el pago final junto con informaci\u00f3n adicional del programa que se ha reservado.<\/li>\r\n<li>El pago completo debe ser realizado 30 d\u00edas antes del comienzo del programa. Por lo tanto, las reservas realizadas con 30 o menos d\u00edas antes del comienzo del programa deben ir acompa\u00f1adas del pago completo de la reserva.<\/li>\r\n<li><strong>Noche adicional<\/strong>: los ni\u00f1os que lleguen un d\u00eda antes o se vayan un d\u00eda despu\u00e9s de las fechas establecidas en el programa deben \u00a0comunicarlo previamente. En estos casos se cobra un suplemento de tarifa por ni\u00f1o por noche que se a\u00f1adir\u00e1 a la factura.<\/li>\r\n<\/ol>\r\n<p>Las comisiones por transferencia bancaria o pago online son abonadas por el cliente.<\/p>\r\n<p><!-- \/wp:post-content -->\u00a0<\/p>\r\n<!-- wp:heading {\"level\":3} -->\r\n<h3><strong>Condiciones de reserva y cancelaci\u00f3n<\/strong><\/h3>\r\n<p><!-- \/wp:heading -->Por favor lee las condiciones de reserva por tu propio inter\u00e9s.<\/p>\r\n<p><!-- \/wp:paragraph -->\u00a0<\/p>\r\n<!-- wp:heading {\"level\":3} -->\r\n<h3><strong>Hacer una reserva<\/strong><\/h3>\r\n<p><!-- \/wp:heading -->\u00a0<\/p>\r\n<!-- wp:list {\"ordered\":true,\"type\":\"1\"} -->\r\n<ol type=\"1\">\r\n<li>Todas las reservas son hechas por English Quest Camps<\/li>\r\n<li>No se confirman reservas por parte de English Quest hasta haber recibido el formulario de reserva y el dep\u00f3sito requerido o el pago \u00edntegro del programa. (si la reserva se hace menos de 30 d\u00edas antes del comienzo del programa).<\/li>\r\n<li>La persona que realiza la reserva confirma a English Quest que tiene la autoridad como padre o representante legal de cada ni\u00f1o y la autoridad de contactar con English Quest en nombre de cada ni\u00f1o de acuerdo a las condiciones acordadas<\/li>\r\n<li>Este contrato est\u00e1 sujeto a las leyes de cada uno de los pa\u00edses donde se llevan a cabo los campamentos.<\/li>\r\n<li>No se pueden realizar cambios relacionados con estas condiciones, excepto que se realice por escrito por parte de un responsable o el director de English Quest.<\/li>\r\n<\/ol>\r\n<p><!-- \/wp:list -->\u00a0<\/p>\r\n<!-- wp:heading {\"level\":3} -->\r\n<h3><strong>Pol\u00edtica de pagos, cancelaciones y devoluciones<\/strong><\/h3>\r\n<p><!-- \/wp:heading -->\u00a0<\/p>\r\n<!-- wp:list {\"ordered\":true,\"type\":\"1\"} -->\r\n<ol type=\"1\">\r\n<li>El pago completo del programa reservado, incluyendo servicios adicionales, debe ser abonado como m\u00e1ximo 30 d\u00edas antes del comienzo del programa que se reserva.<\/li>\r\n<li>Al menos 30 d\u00edas antes del comienzo del campamento se debe abonar el 100% de la factura final.<\/li>\r\n<li>No se admiten devoluciones bajo ninguna circunstancia una vez que comience el programa.<\/li>\r\n<li>Si la cancelaci\u00f3n se hace en un plazo inferior o igual a 15 d\u00edas antes de que comience el programa, se har\u00e1 una devoluci\u00f3n a la que se le descuenta la tasa de registro y el 50% del costo del programa.<\/li>\r\n<li>Si la cancelaci\u00f3n se hace de 29 a 15 d\u00edas antes del comienzo del programa, se realizar\u00e1 una devoluci\u00f3n tras descontar el dep\u00f3sito, la tasa de registro y los gastos por transferencia bancaria.<\/li>\r\n<\/ol>\r\n<p><!-- \/wp:list -->\u00a0<\/p>\r\n<!-- wp:heading {\"level\":3} -->\r\n<h3><strong>La responsabilidad por parte de los padres<\/strong><\/h3>\r\n<p><!-- \/wp:heading -->Los padres o representantes legales son los responsables financieros de cualquiera de los ni\u00f1os que se registren en English Quest Camps en los siguientes casos:<\/p>\r\n<p><!-- \/wp:paragraph -->\u00a0<\/p>\r\n<!-- wp:list {\"ordered\":true,\"type\":\"1\"} -->\r\n<ol type=\"1\">\r\n<li>Los da\u00f1os que se causen de manera intencional o accidentalmente en equipamiento, ropa o cualquier bien perteneciente o alquilado por English Quest Camps.<\/li>\r\n<li>La repatriaci\u00f3n de cualquier persona a la que se le mande a casa o al lugar que se designe por enfermedad, accidente o mal comportamiento o cualquier otro motivo que English Quest Camps considere oportuno.<\/li>\r\n<li>Cualquier dinero de bolsillo o cualquier tipo de compra de car\u00e1cter personal no se incluye en el pack del programa.<\/li>\r\n<li><strong>El comportamiento de los ni\u00f1os.<\/strong> Se espera que los ni\u00f1os bajo la supervisi\u00f3n de English Quest Camp cumplan con las reglas y normativas establecidas. English Quest Camp se reserva el derecho de enviar a un ni\u00f1o a casa o con sus padres si bajo el criterio de la administraci\u00f3n de English Quest Camp no respeta las normas de convivencia del campamento, ignorando las reglas y normativas. En ese caso, los gastos generados ser\u00e1n responsabilidad de los padres o representantes legales y no se realizar\u00e1 ning\u00fan tipo de devoluci\u00f3n del pago<\/li>\r\n<li><strong>Condiciones climatol\u00f3gicas adversas<\/strong>&#8211; English Quest Camps no se puede hacer responsable de las condiciones climatol\u00f3gicas adversas que pueden afectar en la participaci\u00f3n de los ni\u00f1os en las actividades de cualquiera de los campamentos. Si las actividades programadas se cancelan por alg\u00fan motivo, English Quest Camps har\u00e1 todo lo posible por ofrecerles una actividad alternativa.<\/li>\r\n<li><strong>Cancelaci\u00f3n o modificaci\u00f3n de programas<\/strong>-English Quest Camps se reserva el derecho de cancelar o modificar cualquier programa o programas ofrecidos en nuestro cat\u00e1logo por motivos ajenos a nosotros.\u00a0 Si esto llegase a suceder, English Quest Camps ofrecer\u00eda a nuestros ni\u00f1os la elecci\u00f3n de un campamento alternativo.<\/li>\r\n<li><strong>Modificaciones en la reserva<\/strong>&#8211; Cualquier modificaci\u00f3n de un estudiante tras el env\u00edo de la confirmaci\u00f3n inicial, tendr\u00e1 un cargo adicional de 20 euros de tasas administrativas. Adem\u00e1s, ten en cuenta.<\/li>\r\n<\/ol>\r\n<p><!-- \/wp:list -->\u00a0<\/p>\r\n<!-- wp:heading {\"level\":3} -->\r\n<h3><strong>Otras condiciones<\/strong><\/h3>\r\n<p><!-- \/wp:heading -->\u00a0<\/p>\r\n<!-- wp:list {\"type\":\"1\"} -->\r\n<ul type=\"1\">\r\n<li><strong>Dep\u00f3sito de garant\u00eda<\/strong><\/li>\r\n<\/ul>\r\n<p><!-- \/wp:list -->A la llegada, cada ni\u00f1o debe pagar un dep\u00f3sito de 50 euros para cubrir posibles da\u00f1os que ocasione durante su estancia. La devoluci\u00f3n del dep\u00f3sito se realizar\u00e1 el ultimo d\u00eda antes de del regreso del ni\u00f1o si no hay ning\u00fan da\u00f1o en la residencia o en las instalaciones del colegio.<\/p>\r\n<p><!-- \/wp:paragraph -->\u00a0<\/p>\r\n<!-- wp:list -->\r\n<ul>\r\n<li><strong>Informaci\u00f3n m\u00e9dica<\/strong><\/li>\r\n<\/ul>\r\n<p><!-- \/wp:list -->English Quest Camps tendr\u00e1 plena autoridad para tomar cualquier acci\u00f3n que considere necesaria para salvaguardar la salud y el bienestar del ni\u00f1o a expensas de los padres o tutores legales.<\/p>\r\n<p><!-- \/wp:paragraph -->\u00a0<\/p>\r\n<!-- wp:list -->\r\n<ul>\r\n<li><strong>Visa<\/strong><\/li>\r\n<\/ul>\r\n<p><!-- \/wp:list -->Aquellos estudiantes que necesiten una visa para entrar al pa\u00eds donde est\u00e1n nuestros campamentos deben solicitarla en su pa\u00eds antes de su llegada al campamento. Los documentos de English Quest Camp necesarios para la emisi\u00f3n de la visa se enviar\u00e1n despu\u00e9s de recibir el pago completo.En caso de denegaci\u00f3n de la visa con al menos 3 semanas antes del inicio del programa, se realizar\u00e1 un reembolso completo, menos 300 euros y cualquier cargo bancario \/ postal. 30 d\u00edas despu\u00e9s de que se proporcione una prueba de la denegaci\u00f3n de la visa. Si la denegaci\u00f3n de la visa tuvo lugar menos de 3 semanas antes del inicio del programa, se realizar\u00e1 un reembolso menos el 50% del costo del programa.<\/p>\r\n<p><!-- \/wp:paragraph -->\u00a0<\/p>\r\n<!-- wp:list -->\r\n<ul>\r\n<li><strong>El seguro<\/strong><\/li>\r\n<\/ul>\r\n<p><!-- \/wp:list -->Todos los estudiantes deben adquirir un seguro de viaje antes de llegar a su pa\u00eds de destino. Deben enviar una copia del seguro por correo al campamento antes de la llegada.<\/p>\r\n<p><!-- \/wp:paragraph -->\u00a0<\/p>\r\n<!-- wp:list -->\r\n<ul>\r\n<li><strong>Traslados al aeropuerto<\/strong><\/li>\r\n<\/ul>\r\n<p><!-- \/wp:list -->Todos los detalles en relaci\u00f3n a los vuelos del estudiante deben ser proporcionados al menos una semana antes de su llegada. Cualquier cambio en el vuelo debe ser notificado 2 d\u00edas antes de la fecha de vuelo. Si la informaci\u00f3n no se proporciona tal y como se describe aqu\u00ed, no nos hacemos responsables de cualquier tipo de retraso en los traslados. Los traslados en el aeropuerto de Larnaca (de ida y vuelta) se incluyen en el precio del programa, excepto si se realizan de 22:00 a 7:00. En ese caso hay un costo adicional de 15 euros por ni\u00f1o.<\/p>\r\n<p>Los traslados de cualquier otro aeropuerto tienen un costo adicional que depende del mismo, como se indica a continuaci\u00f3n:<\/p>\r\n<p><!-- \/wp:paragraph -->\u00a0<\/p>\r\n<!-- wp:table -->\r\n<figure class=\"wp-block-table\">\r\n<table>\r\n<tbody>\r\n<tr>\r\n<td>\u00a0<\/td>\r\n<td>Ida<\/td>\r\n<td>Ida&#038;Vuelta<\/td>\r\n<\/tr>\r\n<tr>\r\n<td>Pafos<\/td>\r\n<td>120\u20ac<\/td>\r\n<td>220\u20ac<\/td>\r\n<\/tr>\r\n<tr>\r\n<td>Barcelona<\/td>\r\n<td>45\u20ac<\/td>\r\n<td>80\u20ac<\/td>\r\n<\/tr>\r\n<tr>\r\n<td>Porto<\/td>\r\n<td>45\u20ac<\/td>\r\n<td>80\u20ac<\/td>\r\n<\/tr>\r\n<tr>\r\n<td>Madrid<\/td>\r\n<td>75\u20ac<\/td>\r\n<td>140\u20ac<\/td>\r\n<\/tr>\r\n<\/tbody>\r\n<\/table>\r\n<\/figure>\r\n<p><!-- \/wp:table -->\u00a0<\/p>\r\n<!-- wp:list {\"type\":\"1\"} -->\r\n<ul type=\"1\">\r\n<li><strong>Menores no acompa\u00f1ados<\/strong><\/li>\r\n<\/ul>\r\n<p><!-- \/wp:list -->Cualquier menor no acompa\u00f1ado ser\u00e1 recogido por un miembro de English Quest Camp a su llegada, y ser\u00e1 llevado hasta la residencia del campamento. Por lo tanto, es importante que se nos informe al menos 7 d\u00edas antes de la llegada.<br \/>Hay un cargo de 40 euros por ni\u00f1o por servicio de menor no acompa\u00f1ado por trayecto.<\/p>\r\n<p><!-- \/wp:paragraph -->\u00a0<\/p>\r\n<!-- wp:list -->\r\n<ul>\r\n<li><strong>Toque de queda para los estudiantes<\/strong><\/li>\r\n<\/ul>\r\n<p><!-- \/wp:list -->Para mayores de 16: De domingo a jueves a las 22:30. Los viernes y s\u00e1bados a las 23:00.<br \/>Para los menores de 16: De domingo a jueves a las 22:00. Los viernes y s\u00e1bados a las 22:30.<\/p>\r\n<p><!-- \/wp:paragraph -->\u00a0<\/p>\r\n<!-- wp:list -->\r\n<ul>\r\n<li><strong>El dinero de bolsillo<\/strong><\/li>\r\n<\/ul>\r\n<p><!-- \/wp:list -->Los padres deben asegurarse de que les proporcionan suficiente dinero para sus gastos personales. De media, unos 100 euros por semana es suficiente.<br \/>En caso de emergencia, nuestro campamento les proporcionar\u00e1 un dinero adicional y dicha cantidad se transferir\u00e1 a nuestra cuenta bancaria.<\/p>\r\n<p><!-- \/wp:paragraph -->\u00a0<\/p>\r\n<!-- wp:list -->\r\n<ul>\r\n<li><strong>La p\u00e1gina web oficial <\/strong><\/li>\r\n<\/ul>\r\n<p><!-- \/wp:list -->Nuestra p\u00e1gina web oficial es www.englishquestcamp.com No nos hacemos responsables de cualquier tipo de informaci\u00f3n proporcionada en otro sitio web que no pertenezca a nuestros campamentos<\/p>\r\n<p><!-- \/wp:paragraph -->\u00a0<\/p>\r\n<!-- wp:list -->\r\n<ul>\r\n<li><strong>Nuestro n\u00famero de emergencia 24 horas<\/strong><\/li>\r\n<\/ul>\r\n<p><!-- \/wp:list -->\r\n\r\n<!-- wp:paragraph -->El siguiente n\u00famero + 357 97734397 es el que deben usar los padres en caso de emergencia para informar a sus hijos<\/p>\r\n<p><!-- \/wp:paragraph -->\u00a0<\/p>\r\n<!-- wp:list -->\r\n<ul>\r\n<li><strong>El material promocional<\/strong><\/li>\r\n<\/ul>\r\n<p><!-- \/wp:list -->Los padres proporcionan su consentimiento una vez est\u00e1 hecha la reserva. English Quest Camps se reserva los derechos para el uso de fotograf\u00edas, trabajos art\u00edsticos, etc. de los ni\u00f1os en la p\u00e1gina web en futuras publicaciones.<\/p>\r\n<p><!-- \/wp:paragraph -->\u00a0<\/p>\r\n<p>[\/vc_column_text][vc_btn title=\u00bbreservar ahora\u00bb style=\u00bbclassic\u00bb shape=\u00bbsquare\u00bb color=\u00bbprimary\u00bb size=\u00bblg\u00bb link=\u00bburl:https%3A%2F%2Fenglishquestcamp.com%2Fes%2Fcamps-booking%2F|title:Camps%20booking\u00bb][\/vc_column][\/vc_row][vc_row][vc_column][vc_column_text]<\/p>\r\n<p style=\"text-align: right;\"><a href=\"\/wp-content\/uploads\/2022\/09\/Terms-and-Conditions-\u2013-EnglishqQuestCamp.pdf\">Download as PDF<\/a><\/p>\r\n<p>[\/vc_column_text][\/vc_column][\/vc_row]<\/p>","protected":false},"excerpt":{"rendered":"<p>[vc_row][vc_column][vc_column_text] Condiciones generales \u00a0 Completa y env\u00eda el formulario online. Gestiona el pago de un dep\u00f3sito m\u00ednimo de 300 euros &#038; tasas de registro de ni\u00f1o por sesi\u00f3n. Por favor ten en cuenta que la reserva no se confirmar\u00e1 hasta [&hellip;]<\/p>\n","protected":false},"author":1,"featured_media":0,"parent":0,"menu_order":0,"comment_status":"closed","ping_status":"closed","template":"","meta":{"footnotes":""},"class_list":["post-204","page","type-page","status-publish","hentry"],"_links":{"self":[{"href":"https:\/\/campiinternazionali.it\/es\/wp-json\/wp\/v2\/pages\/204","targetHints":{"allow":["GET"]}}],"collection":[{"href":"https:\/\/campiinternazionali.it\/es\/wp-json\/wp\/v2\/pages"}],"about":[{"href":"https:\/\/campiinternazionali.it\/es\/wp-json\/wp\/v2\/types\/page"}],"author":[{"embeddable":true,"href":"https:\/\/campiinternazionali.it\/es\/wp-json\/wp\/v2\/users\/1"}],"replies":[{"embeddable":true,"href":"https:\/\/campiinternazionali.it\/es\/wp-json\/wp\/v2\/comments?post=204"}],"version-history":[{"count":18,"href":"https:\/\/campiinternazionali.it\/es\/wp-json\/wp\/v2\/pages\/204\/revisions"}],"predecessor-version":[{"id":749,"href":"https:\/\/campiinternazionali.it\/es\/wp-json\/wp\/v2\/pages\/204\/revisions\/749"}],"wp:attachment":[{"href":"https:\/\/campiinternazionali.it\/es\/wp-json\/wp\/v2\/media?parent=204"}],"curies":[{"name":"wp","href":"https:\/\/api.w.org\/{rel}","templated":true}]}}