{"id":15,"date":"2022-08-15T10:55:43","date_gmt":"2022-08-15T09:55:43","guid":{"rendered":"https:\/\/new.englishquestcamp.com\/en\/?page_id=15"},"modified":"2022-12-04T07:17:03","modified_gmt":"2022-12-04T07:17:03","slug":"about-us","status":"publish","type":"page","link":"https:\/\/campiinternazionali.it\/es\/about-us\/","title":{"rendered":"Sobre nosotros"},"content":{"rendered":"<p>[vc_row][vc_column][vc_column_text]<\/p>\r\n<h2><strong>Nuestras maestras<\/strong><\/h2>\r\n<p>Todo nuestro profesorado:<\/p>\r\n<p>[\/vc_column_text][vc_row_inner el_class=\u00bblarge-icons\u00bb][vc_column_inner width=\u00bb1\/4&#8243;]<div class=\"eq-icon__widget\">\n        <div class=\"eq-icon__title\">tener 5 o m\u00e1s a\u00f1os de experiencia en la ense\u00f1anza de idiomas<\/div>\n        <div class=\"eq-icon__image\" style=\"background-image: url(https:\/\/campiinternazionali.it\/wp-content\/uploads\/2022\/09\/5.png)\"><\/div>\n    <\/div>[\/vc_column_inner][vc_column_inner width=\u00bb1\/4&#8243;]<div class=\"eq-icon__widget\">\n        <div class=\"eq-icon__title\">trabajar con j\u00f3venes estudiantes de idiomas durante todo el a\u00f1o, ya sea en una escuela secundaria de ingl\u00e9s o en una universidad<\/div>\n        <div class=\"eq-icon__image\" style=\"background-image: url(https:\/\/campiinternazionali.it\/wp-content\/uploads\/2022\/09\/college.png)\"><\/div>\n    <\/div>[\/vc_column_inner][vc_column_inner width=\u00bb1\/4&#8243;]<div class=\"eq-icon__widget\">\n        <div class=\"eq-icon__title\">son hablantes nativos<\/div>\n        <div class=\"eq-icon__image\" style=\"background-image: url(https:\/\/campiinternazionali.it\/wp-content\/uploads\/2022\/09\/england.png)\"><\/div>\n    <\/div>[\/vc_column_inner][vc_column_inner width=\u00bb1\/4&#8243;]<div class=\"eq-icon__widget\">\n        <div class=\"eq-icon__title\">haber completado un programa de grado universitario (licenciatura o maestr\u00eda) como profesores de idiomas<\/div>\n        <div class=\"eq-icon__image\" style=\"background-image: url(https:\/\/campiinternazionali.it\/wp-content\/uploads\/2022\/09\/graduation-hat.png)\"><\/div>\n    <\/div>[\/vc_column_inner][\/vc_row_inner][vc_column_text]<\/p>\r\n<h2 class=\"wp-block-heading\"><strong>Sobre nosotros<\/strong><\/h2>\r\n<p>Nuestro equipo, que est\u00e1 involucrado en las actividades diarias de los ni\u00f1os, ha estado organizando el programa con eventos al aire libre durante los \u00faltimos 5 a\u00f1os.<\/p>\r\n<p>Contamos con instructores experimentados, tanto para las instalaciones del colegio, como en el mar o en la monta\u00f1a, para tener garant\u00edas de que nuestros hijos tengan diversi\u00f3n de forma segura, as\u00ed como las experiencias m\u00e1s gratificantes en un campamento de verano.<\/p>\r\n<p>Todos los miembros de nuestro equipo son titulados universitarios y han trabajado con ni\u00f1os durante m\u00e1s de 5 a\u00f1os. Adem\u00e1s, cuentan con la formaci\u00f3n y experiencia necesaria.<\/p>\r\n<p>Como ejemplo, tenemos a nuestro equipo de actividades de monta\u00f1a que ha estado trabajando con varios grupos en actividades de monta\u00f1ismo durante m\u00e1s de 5 a\u00f1os con una experiencia de trabajo y entrenamiento en otros pa\u00edses europeos.<\/p>\r\n<p>Nuestros instructores, aparte de estar debidamente cualificados y entrenados en el trabajo con ni\u00f1os en diferentes actividades, son realmente divertidos ofreciendo experiencias de vida muy interesantes. Por lo tanto, se pueden considerar modelos a seguir para los participantes de nuestro programa.<\/p>\r\n<p>\u00a0<\/p>\r\n\r\n<h2 class=\"wp-block-heading\"><strong>Nuestra misi\u00f3n<\/strong><\/h2>\r\n<p>Nuestra misi\u00f3n es facilitar la mejor experiencia estival para ni\u00f1os de diferentes pa\u00edses.<\/p>\r\n<p>English Quest ayuda a los ni\u00f1os a mejorar sus habilidades sociales y autoestima al proporcionarles un entorno seguro y enriquecedor. Nuestro personal inculca en nuestros estudiantes un sentido de responsabilidad y respeto a sus compa\u00f1eros, y al planeta y mejora sus habilidades idiom\u00e1ticas en ingl\u00e9s mediante emocionantes actividades al aire libre.<\/p>\r\n<p>\u00a0<\/p>\r\n\r\n<h2 class=\"wp-block-heading\"><strong>Nuestros principios<\/strong><\/h2>\r\n<h3><\/h3>\r\n<h3><strong>Seguridad<\/strong> (nuestra palabra favorita) y apoyo.<\/h3>\r\n<p>Hacemos de la seguridad nuestra principal prioridad. Comenzamos instruyendo a nuestros estudiantes a generar una consciencia de seguridad. Esto lo conseguimos mediante la explicaci\u00f3n de nuestras pol\u00edticas de seguridad que les ense\u00f1an c\u00f3mo hacer un juicio de valor y una evaluaci\u00f3n de riesgos, lo que permite que tomen la decisi\u00f3n correcta en cada acci\u00f3n que emprendan.<\/p>\r\n<p>Todos los estudiantes son cuidadosamente supervisados a lo largo del d\u00eda, ya sea en clase o durante las actividades o deportes que realizan. Por la noche, el personal supervisa las habitaciones y est\u00e1 cerca por si surge cualquier tipo de problema.<\/p>\r\n<p>Proporcionamos todo el equipamiento especializado que es imprescindible para el desarrollo de nuestras actividades. Nos aseguramos de que los ni\u00f1os dispongan de todos los equipos necesarios adaptados a los est\u00e1ndares tanto brit\u00e1nicos como europeos.<\/p>\r\n<p><!-- \/wp:post-content -->\u00a0<\/p>\r\n<!-- wp:heading {\"level\":3} -->\r\n<h3>Crecimiento personal<\/h3>\r\n<p>A trav\u00e9s de las experiencias que nuestros estudiantes tienen en nuestros campamentos de verano, los ayudamos a mejorar su confianza en s\u00ed mismos, a respetar a las dem\u00e1s personas y el medio ambiente, y especialmente los recursos naturales, lo que se reflejar\u00e1 en un mejor conocimiento de ellos mismos.<\/p>\r\n<p><!-- \/wp:heading -->\r\n\r\n<!-- wp:paragraph -->Fomentamos dichos resultados a trav\u00e9s de:<\/p>\r\n<p><!-- \/wp:paragraph -->\u00a0<\/p>\r\n<!-- wp:list {\"ordered\":true,\"type\":\"1\"} -->\r\n<ol type=\"1\">\r\n<li>Una atmosfera divertida.<\/li>\r\n<li>Una cultura de bondad y respeto mutuo.<\/li>\r\n<li>Mucha atenci\u00f3n personalizada por parte de nuestros instructores y organizadores.<\/li>\r\n<li>Conexi\u00f3n personal m\u00e1xima ya que se limita el uso de aparatos electr\u00f3nicos.<\/li>\r\n<li>Trabajo en equipo que facilita la creaci\u00f3n de amistades duraderas.<\/li>\r\n<\/ol>\r\n<p><!-- \/wp:list -->\u00a0<\/p>\r\n<!-- wp:heading {\"level\":3} -->\r\n<h3>Diversi\u00f3n de por vida<\/h3>\r\n<p>El verano debe ser la \u00e9poca del a\u00f1o en la que los ni\u00f1os disfrutan de experiencias fant\u00e1sticas y excitantes que quedar\u00e1n en su memoria durante el resto de sus vidas.<\/p>\r\n<p>Es una oportunidad para conocer gente nueva interesante, un momento para expandir nuestros propios l\u00edmites y sentir nuevas emociones.<\/p>\r\n<p>Cuando los ni\u00f1os pasan alg\u00fan tiempo en alguno de los escenarios de nuestros maravillosos campamentos, como estar en playas limpias de arena del mar Mediterr\u00e1neo, las monta\u00f1as de Troodos en Chipre a 1700 metros sobre el nivel del mar, o en las cuevas de la regi\u00f3n de Tarragona, se sienten m\u00e1s relajados, renovados y abiertos al mundo.<\/p>\r\n<p><!-- \/wp:heading -->\u00a0<\/p>\r\n<!-- wp:heading -->\r\n<h2><strong>Nuestro idioma del campamento<\/strong><\/h2>\r\n<p>Nuestros campamentos est\u00e1n dise\u00f1ados para j\u00f3venes estudiantes de 11 a 17 a\u00f1os y ofrecen una experiencia \u00fanica para poder disfrutar de todos los aspectos de nuestras maravillosas localizaciones como bellas playas de arena o una naturaleza exuberante en las monta\u00f1as.<\/p>\r\n<p>Nuestros programas est\u00e1n dise\u00f1ados para aumentar la confianza y el nivel de fluidez del alumno en ingl\u00e9s mediante:<\/p>\r\n<p>[\/vc_column_text][vc_row_inner el_class=\u00bblarge-icons\u00bb][vc_column_inner width=\u00bb1\/3&#8243;]<div class=\"eq-icon__widget\">\n        <div class=\"eq-icon__title\">El uso del ingl\u00e9s en situaciones cotidianas<\/div>\n        <div class=\"eq-icon__image\" style=\"background-image: url(https:\/\/campiinternazionali.it\/wp-content\/uploads\/2022\/09\/cafe.png)\"><\/div>\n    <\/div>[\/vc_column_inner][vc_column_inner width=\u00bb1\/3&#8243;]<div class=\"eq-icon__widget\">\n        <div class=\"eq-icon__title\">Clases basadas en conversaci\u00f3n<\/div>\n        <div class=\"eq-icon__image\" style=\"background-image: url(https:\/\/campiinternazionali.it\/wp-content\/uploads\/2022\/09\/conversation.png)\"><\/div>\n    <\/div>[\/vc_column_inner][vc_column_inner width=\u00bb1\/3&#8243;]<div class=\"eq-icon__widget\">\n        <div class=\"eq-icon__title\">Grupos reducidos (un m\u00e1ximo de 15 alumnos)<\/div>\n        <div class=\"eq-icon__image\" style=\"background-image: url(https:\/\/campiinternazionali.it\/wp-content\/uploads\/2022\/09\/networking.png)\"><\/div>\n    <\/div>[\/vc_column_inner][\/vc_row_inner][\/vc_column][\/vc_row][vc_row el_class=\u00bblarge-icons\u00bb][vc_column width=\u00bb1\/2&#8243;]<div class=\"eq-icon__widget\">\n        <div class=\"eq-icon__title\">Clases hechas a medida<\/div>\n        <div class=\"eq-icon__image\" style=\"background-image: url(https:\/\/campiinternazionali.it\/wp-content\/uploads\/2022\/11\/tour-guide.png)\"><\/div>\n    <\/div>[\/vc_column][vc_column width=\u00bb1\/2&#8243;]<div class=\"eq-icon__widget\">\n        <div class=\"eq-icon__title\">Evaluaciones<\/div>\n        <div class=\"eq-icon__image\" style=\"background-image: url(https:\/\/campiinternazionali.it\/wp-content\/uploads\/2022\/09\/approval.png)\"><\/div>\n    <\/div>[\/vc_column][\/vc_row]<\/p>","protected":false},"excerpt":{"rendered":"<p>[vc_row][vc_column][vc_column_text] Nuestras maestras Todo nuestro profesorado: [\/vc_column_text][vc_row_inner el_class=\u00bblarge-icons\u00bb][vc_column_inner width=\u00bb1\/4&#8243;][\/vc_column_inner][vc_column_inner width=\u00bb1\/4&#8243;][\/vc_column_inner][vc_column_inner width=\u00bb1\/4&#8243;][\/vc_column_inner][vc_column_inner width=\u00bb1\/4&#8243;][\/vc_column_inner][\/vc_row_inner][vc_column_text] Sobre nosotros Nuestro equipo, que est\u00e1 involucrado en las actividades diarias de los ni\u00f1os, ha estado organizando el programa con eventos al aire libre durante los \u00faltimos 5 [&hellip;]<\/p>\n","protected":false},"author":1,"featured_media":0,"parent":0,"menu_order":0,"comment_status":"closed","ping_status":"closed","template":"","meta":{"footnotes":""},"class_list":["post-15","page","type-page","status-publish","hentry"],"_links":{"self":[{"href":"https:\/\/campiinternazionali.it\/es\/wp-json\/wp\/v2\/pages\/15","targetHints":{"allow":["GET"]}}],"collection":[{"href":"https:\/\/campiinternazionali.it\/es\/wp-json\/wp\/v2\/pages"}],"about":[{"href":"https:\/\/campiinternazionali.it\/es\/wp-json\/wp\/v2\/types\/page"}],"author":[{"embeddable":true,"href":"https:\/\/campiinternazionali.it\/es\/wp-json\/wp\/v2\/users\/1"}],"replies":[{"embeddable":true,"href":"https:\/\/campiinternazionali.it\/es\/wp-json\/wp\/v2\/comments?post=15"}],"version-history":[{"count":25,"href":"https:\/\/campiinternazionali.it\/es\/wp-json\/wp\/v2\/pages\/15\/revisions"}],"predecessor-version":[{"id":744,"href":"https:\/\/campiinternazionali.it\/es\/wp-json\/wp\/v2\/pages\/15\/revisions\/744"}],"wp:attachment":[{"href":"https:\/\/campiinternazionali.it\/es\/wp-json\/wp\/v2\/media?parent=15"}],"curies":[{"name":"wp","href":"https:\/\/api.w.org\/{rel}","templated":true}]}}